{"id":1485,"date":"2026-03-02T13:54:34","date_gmt":"2026-03-02T16:54:34","guid":{"rendered":"https:\/\/www.ci.ufpb.br\/lavid\/?page_id=1485"},"modified":"2026-03-17T15:27:08","modified_gmt":"2026-03-17T18:27:08","slug":"workshop-wikilibras","status":"publish","type":"page","link":"https:\/\/www.ci.ufpb.br\/lavid\/workshop-wikilibras\/","title":{"rendered":"Workshop Wikilibras"},"content":{"rendered":"<nav class=\"has-background has-surface-light-alternative-background-color is-responsive items-justified-center no-wrap alignfull is-style-default is-sticky wp-block-navigation is-content-justification-center is-nowrap is-layout-flex wp-container-core-navigation-is-layout-1fb9aab6 wp-block-navigation-is-layout-flex\" aria-label=\"Menu\" \n\t\t data-wp-interactive=\"core\/navigation\" data-wp-context='{\"overlayOpenedBy\":{\"click\":false,\"hover\":false,\"focus\":false},\"type\":\"overlay\",\"roleAttribute\":\"\",\"ariaLabel\":\"Menu\"}'><button aria-haspopup=\"dialog\" aria-label=\"Abrir menu\" class=\"wp-block-navigation__responsive-container-open\" \n\t\t\t\tdata-wp-on--click=\"actions.openMenuOnClick\"\n\t\t\t\tdata-wp-on--keydown=\"actions.handleMenuKeydown\"\n\t\t\t><svg width=\"24\" height=\"24\" xmlns=\"http:\/\/www.w3.org\/2000\/svg\" viewBox=\"0 0 24 24\"><path d=\"M5 5v1.5h14V5H5z\"><\/path><path d=\"M5 12.8h14v-1.5H5v1.5z\"><\/path><path d=\"M5 19h14v-1.5H5V19z\"><\/path><\/svg><\/button>\n\t\t\t\t<div class=\"wp-block-navigation__responsive-container\"  id=\"modal-1\" \n\t\t\t\tdata-wp-class--has-modal-open=\"state.isMenuOpen\"\n\t\t\t\tdata-wp-class--is-menu-open=\"state.isMenuOpen\"\n\t\t\t\tdata-wp-watch=\"callbacks.initMenu\"\n\t\t\t\tdata-wp-on--keydown=\"actions.handleMenuKeydown\"\n\t\t\t\tdata-wp-on--focusout=\"actions.handleMenuFocusout\"\n\t\t\t\ttabindex=\"-1\"\n\t\t\t>\n\t\t\t\t\t<div class=\"wp-block-navigation__responsive-close\" tabindex=\"-1\">\n\t\t\t\t\t\t<div class=\"wp-block-navigation__responsive-dialog\" \n\t\t\t\tdata-wp-bind--aria-modal=\"state.ariaModal\"\n\t\t\t\tdata-wp-bind--aria-label=\"state.ariaLabel\"\n\t\t\t\tdata-wp-bind--role=\"state.roleAttribute\"\n\t\t\t>\n\t\t\t\t\t\t\t<button aria-label=\"Fechar menu\" class=\"wp-block-navigation__responsive-container-close\" \n\t\t\t\tdata-wp-on--click=\"actions.closeMenuOnClick\"\n\t\t\t><svg xmlns=\"http:\/\/www.w3.org\/2000\/svg\" viewBox=\"0 0 24 24\" width=\"24\" height=\"24\" aria-hidden=\"true\" focusable=\"false\"><path d=\"m13.06 12 6.47-6.47-1.06-1.06L12 10.94 5.53 4.47 4.47 5.53 10.94 12l-6.47 6.47 1.06 1.06L12 13.06l6.47 6.47 1.06-1.06L13.06 12Z\"><\/path><\/svg><\/button>\n\t\t\t\t\t\t\t<div class=\"wp-block-navigation__responsive-container-content\" \n\t\t\t\tdata-wp-watch=\"callbacks.focusFirstElement\"\n\t\t\t id=\"modal-1-content\">\n\t\t\t\t\t\t\t\t<ul class=\"wp-block-navigation__container has-background has-surface-light-alternative-background-color is-responsive items-justified-center no-wrap alignfull is-style-default is-sticky wp-block-navigation\"><li class=\" wp-block-navigation-item wp-block-navigation-link\"><a class=\"wp-block-navigation-item__content\"  href=\"#sobre\"><span class=\"wp-block-navigation-item__label\">Sobre<\/span><\/a><\/li><li class=\" wp-block-navigation-item wp-block-navigation-link\"><a class=\"wp-block-navigation-item__content\"  href=\"#programacao\"><span class=\"wp-block-navigation-item__label\">Programa\u00e7\u00e3o<\/span><\/a><\/li><li class=\" wp-block-navigation-item wp-block-navigation-link\"><a class=\"wp-block-navigation-item__content\"  href=\"#palestrantes\"><span class=\"wp-block-navigation-item__label\">Palestrantes<\/span><\/a><\/li><li class=\" wp-block-navigation-item wp-block-navigation-link\"><a class=\"wp-block-navigation-item__content\"  href=\"#inscricao\"><span class=\"wp-block-navigation-item__label\">Inscri\u00e7\u00e3o<\/span><\/a><\/li><li class=\" wp-block-navigation-item wp-block-navigation-link\"><a class=\"wp-block-navigation-item__content\"  href=\"#parceiros\"><span class=\"wp-block-navigation-item__label\">Parceiros<\/span><\/a><\/li><li class=\" wp-block-navigation-item wp-block-navigation-link\"><a class=\"wp-block-navigation-item__content\"  href=\"#contato\"><span class=\"wp-block-navigation-item__label\">Contato<\/span><\/a><\/li><\/ul>\n\t\t\t\t\t\t\t<\/div>\n\t\t\t\t\t\t<\/div>\n\t\t\t\t\t<\/div>\n\t\t\t\t<\/div><\/nav>\n\n\n<div class=\"wp-block-cover alignfull is-light\" style=\"border-radius:0px;margin-top:0;margin-bottom:0;padding-top:0;padding-right:0%;padding-bottom:0;padding-left:0rem\" id=\"sobre\"><img loading=\"lazy\" decoding=\"async\" width=\"1440\" height=\"570\" class=\"wp-block-cover__image-background wp-image-1333 size-full\" alt=\"\" src=\"http:\/\/www.ci.ufpb.br\/lavid\/wp-content\/uploads\/sites\/139\/sites\/145\/2025\/08\/bg-hero.jpg\" data-object-fit=\"cover\" srcset=\"https:\/\/www.ci.ufpb.br\/lavid\/wp-content\/uploads\/sites\/139\/sites\/145\/2025\/08\/bg-hero.jpg 1440w, https:\/\/www.ci.ufpb.br\/lavid\/wp-content\/uploads\/sites\/139\/sites\/145\/2025\/08\/bg-hero-300x119.jpg 300w, https:\/\/www.ci.ufpb.br\/lavid\/wp-content\/uploads\/sites\/139\/sites\/145\/2025\/08\/bg-hero-1024x405.jpg 1024w, https:\/\/www.ci.ufpb.br\/lavid\/wp-content\/uploads\/sites\/139\/sites\/145\/2025\/08\/bg-hero-768x304.jpg 768w\" sizes=\"auto, (max-width: 1440px) 100vw, 1440px\" \/><span aria-hidden=\"true\" class=\"wp-block-cover__background has-background-dim-0 has-background-dim\"><\/span><div class=\"wp-block-cover__inner-container is-layout-constrained wp-container-core-cover-is-layout-232d1e6f wp-block-cover-is-layout-constrained\">\n<div class=\"wp-block-columns is-layout-flex wp-container-core-columns-is-layout-9d6595d7 wp-block-columns-is-layout-flex\">\n<div class=\"wp-block-column is-layout-flow wp-block-column-is-layout-flow\" style=\"padding-top:var(--wp--preset--spacing--scale-up-4);padding-bottom:var(--wp--preset--spacing--scale-up-4)\">\n<h1 class=\"wp-block-heading\"><strong>Workshop WikiLibras<\/strong><\/h1>\n\n\n\n<h4 class=\"wp-block-heading\"><strong>M\u00f3dulo: Tradu\u00e7\u00e3o de Senten\u00e7as<\/strong><\/h4>\n\n\n\n<p>O Workshop WikiLibras \u00e9 uma iniciativa de capacita\u00e7\u00e3o e colabora\u00e7\u00e3o voltada para ampliar a acessibilidade digital da comunidade surda por meio da ferramenta WikiLibras. Esta a\u00e7\u00e3o \u00e9 promovida pela Secretaria de Governo Digital e pela Universidade Federal da Para\u00edba (UFPB). O curso tem como objetivo treinar participantes na cria\u00e7\u00e3o e revis\u00e3o das tradu\u00e7\u00f5es que ser\u00e3o integrados \u00e0s ferramentas do VLibras, contribuindo para o enriquecimento a engine de tradu\u00e7\u00e3o neural do VLibras e melhorando as suas tradu\u00e7\u00f5es.<\/p>\n\n\n\n<p><i class=\"fa fa-solid fa-calendar icone\"><\/i> <strong>19 de mar\u00e7o de 2026<\/strong><\/p>\n\n\n\n<p><i class=\"fa fa-solid fa-map-marker icone\"><\/i> <strong>Evento Online<\/strong><\/p>\n\n\n\n<div class=\"wp-block-buttons is-horizontal is-layout-flex wp-block-buttons-is-layout-flex\" style=\"margin-top:var(--wp--preset--spacing--scale-up-3);margin-bottom:0\">\n<div class=\"wp-block-button\"><a class=\"wp-block-button__link wp-element-button\" href=\"#programacao\">Confira a programa\u00e7\u00e3o<\/a><\/div>\n\n\n\n<div class=\"wp-block-button is-style-outline is-style-outline--2\"><a class=\"wp-block-button__link wp-element-button\" href=\"#inscricao\">Fa\u00e7a sua inscri\u00e7\u00e3o<\/a><\/div>\n<\/div>\n<\/div>\n\n\n\n<div class=\"wp-block-column is-vertically-aligned-bottom is-layout-flow wp-block-column-is-layout-flow\">\n<figure class=\"wp-block-image size-full is-resized\"><img loading=\"lazy\" decoding=\"async\" width=\"550\" height=\"548\" src=\"https:\/\/www.ci.ufpb.br\/lavid\/wp-content\/uploads\/sites\/139\/sites\/145\/2025\/08\/icaro-squares.png\" alt=\"\" class=\"wp-image-1334\" style=\"width:445px;height:auto\" srcset=\"https:\/\/www.ci.ufpb.br\/lavid\/wp-content\/uploads\/sites\/139\/sites\/145\/2025\/08\/icaro-squares.png 550w, https:\/\/www.ci.ufpb.br\/lavid\/wp-content\/uploads\/sites\/139\/sites\/145\/2025\/08\/icaro-squares-300x300.png 300w, https:\/\/www.ci.ufpb.br\/lavid\/wp-content\/uploads\/sites\/139\/sites\/145\/2025\/08\/icaro-squares-150x150.png 150w\" sizes=\"auto, (max-width: 550px) 100vw, 550px\" \/><\/figure>\n<\/div>\n<\/div>\n<\/div><\/div>\n\n\n\n<div class=\"wp-block-cover is-light\" style=\"padding-right:2.5rem;padding-left:2.5rem;min-height:300px;aspect-ratio:unset;\" id=\"programacao\"><span aria-hidden=\"true\" class=\"wp-block-cover__background has-background-dim-0 has-background-dim\"><\/span><div class=\"wp-block-cover__inner-container is-layout-flow wp-block-cover-is-layout-flow\">\n<h2 class=\"wp-block-heading has-text-align-center has-reading-light-color has-text-color has-link-color wp-elements-0c59dc8c6302a956752762320be5ce1f\" style=\"margin-top:0;margin-bottom:0\"><div class=\"linha-header\"><strong>Programa\u00e7\u00e3o<\/strong><\/div><\/h2>\n\n\n\n<div class=\"wp-block-columns is-layout-flex wp-container-core-columns-is-layout-9d6595d7 wp-block-columns-is-layout-flex\">\n<div class=\"wp-block-column is-layout-flow wp-block-column-is-layout-flow\">\n<figure class=\"wp-block-table is-style-stripes\"><table><tbody><tr><td><strong>08:00<\/strong><\/td><td><strong>ABERTURA E APRESENTA\u00c7\u00c3O<br>Palestrante: Tiago Maritan Ugulino de Ara\u00fajo<\/strong><br>Breve introdu\u00e7\u00e3o ao projeto VLibras e \u00e0 ferramenta WikiLibras, destacando a import\u00e2ncia da contribui\u00e7\u00e3o de cada um para a acessibilidade digital.<\/td><\/tr><tr><td><strong>08:30<\/strong><\/td><td><strong>TREINAMENTO<\/strong> &#8211; <strong>M\u00f3dulo: Revis\u00e3o e Valida\u00e7\u00e3o de Tradu\u00e7\u00f5es<br><\/strong><em>Manuella Aschoff Cavalcanti Brand\u00e3o Lima<\/em><br><em>Vin\u00edcius Germano de Barros<\/em><br>Conhe\u00e7a as regras para a constru\u00e7\u00e3o da glosa do VLibras e pratique a revis\u00e3o de tradu\u00e7\u00f5es propostas por outros usu\u00e1rios, trabalhando em grupos.<\/td><\/tr><tr><td><strong>10:00<\/strong><\/td><td><strong>Oficina Colaborativa<\/strong><br>Participe de um grupo focado em uma \u00e1rea de interesse (como educa\u00e7\u00e3o, sa\u00fade ou tecnologia). Juntos, voc\u00eas v\u00e3o identificar termos relevantes e traduzir frases reais, justificando as decis\u00f5es tomadas.<\/td><\/tr><tr><td><strong>11:30<\/strong><\/td><td><strong>Sess\u00e3o de Perguntas e Respostas<\/strong><br>Tire suas d\u00favidas e troque experi\u00eancias com os instrutores e outros participantes.<\/td><\/tr><\/tbody><\/table><\/figure>\n<\/div>\n<\/div>\n<\/div><\/div>\n\n\n\n<div class=\"wp-block-cover alignfull has-surface-light-color has-text-color has-link-color wp-elements-007fc04871630d777f053dc9fcf56c09\" style=\"padding-top:var(--wp--preset--spacing--scale-up-4);padding-right:2.5rem;padding-bottom:var(--wp--preset--spacing--scale-up-4);padding-left:2.5rem;min-height:300px;aspect-ratio:unset;\" id=\"palestrantes\"><img loading=\"lazy\" decoding=\"async\" width=\"1440\" height=\"570\" class=\"wp-block-cover__image-background wp-image-1333 size-full\" alt=\"\" src=\"http:\/\/www.ci.ufpb.br\/lavid\/wp-content\/uploads\/sites\/139\/sites\/145\/2025\/08\/bg-hero.jpg\" data-object-fit=\"cover\" srcset=\"https:\/\/www.ci.ufpb.br\/lavid\/wp-content\/uploads\/sites\/139\/sites\/145\/2025\/08\/bg-hero.jpg 1440w, https:\/\/www.ci.ufpb.br\/lavid\/wp-content\/uploads\/sites\/139\/sites\/145\/2025\/08\/bg-hero-300x119.jpg 300w, https:\/\/www.ci.ufpb.br\/lavid\/wp-content\/uploads\/sites\/139\/sites\/145\/2025\/08\/bg-hero-1024x405.jpg 1024w, https:\/\/www.ci.ufpb.br\/lavid\/wp-content\/uploads\/sites\/139\/sites\/145\/2025\/08\/bg-hero-768x304.jpg 768w\" sizes=\"auto, (max-width: 1440px) 100vw, 1440px\" \/><span aria-hidden=\"true\" class=\"wp-block-cover__background has-interaction-light-background-color has-background-dim-70 has-background-dim\"><\/span><div class=\"wp-block-cover__inner-container is-layout-constrained wp-container-core-cover-is-layout-1ea4ea1f wp-block-cover-is-layout-constrained\">\n<h2 class=\"wp-block-heading has-text-align-center has-surface-light-color has-text-color has-link-color wp-elements-57eaad864669c0a7bfc3e234ab6899eb\" style=\"margin-top:0;margin-bottom:0\"><div class=\"linha-header\"><strong>Palestrantes<\/strong><\/div><\/h2>\n\n\n\n<div class=\"wp-block-group is-horizontal is-content-justification-center is-layout-flex wp-container-core-group-is-layout-c70cc41c wp-block-group-is-layout-flex\" style=\"padding-top:0;padding-right:0;padding-bottom:0;padding-left:0\">\n<div class=\"wp-block-group is-style-default wp-container-content-e0b89f81 is-vertical is-content-justification-center is-layout-flex wp-container-core-group-is-layout-c3e96de5 wp-block-group-is-layout-flex\" style=\"border-style:none;border-width:0px;border-radius:10px;min-height:300px;margin-top:var(--wp--preset--spacing--scale-up-2);margin-bottom:var(--wp--preset--spacing--scale-up-2);padding-top:var(--wp--preset--spacing--scale-up-3);padding-right:var(--wp--preset--spacing--scale-up-3);padding-bottom:var(--wp--preset--spacing--scale-up-3);padding-left:var(--wp--preset--spacing--scale-up-3)\">\n<figure class=\"wp-block-image size-thumbnail is-style-rounded\"><img loading=\"lazy\" decoding=\"async\" width=\"150\" height=\"150\" src=\"https:\/\/www.ci.ufpb.br\/lavid\/wp-content\/uploads\/sites\/139\/sites\/145\/2025\/08\/maritan-150x150.jpg\" alt=\"\" class=\"wp-image-1408\" style=\"aspect-ratio:1;object-fit:cover\" srcset=\"https:\/\/www.ci.ufpb.br\/lavid\/wp-content\/uploads\/sites\/139\/sites\/145\/2025\/08\/maritan-150x150.jpg 150w, https:\/\/www.ci.ufpb.br\/lavid\/wp-content\/uploads\/sites\/139\/sites\/145\/2025\/08\/maritan.jpg 240w\" sizes=\"auto, (max-width: 150px) 100vw, 150px\" \/><\/figure>\n\n\n\n<p class=\"has-text-align-center has-surface-light-color has-text-color has-link-color wp-elements-9267ce5c82b8c5c33e08f73e4b26d496\"><strong>Tiago Maritan Ugulino de Ara\u00fajo<\/strong><\/p>\n\n\n\n<p class=\"has-surface-light-color has-text-color has-link-color wp-elements-0d8837c73377df5b634b1c91b81cb3e8\">Palestrante<\/p>\n<\/div>\n\n\n\n<div class=\"wp-block-group is-style-default wp-container-content-e0b89f81 is-vertical is-content-justification-center is-layout-flex wp-container-core-group-is-layout-c3e96de5 wp-block-group-is-layout-flex\" style=\"border-style:none;border-width:0px;border-radius:10px;min-height:300px;margin-top:var(--wp--preset--spacing--scale-up-2);margin-bottom:var(--wp--preset--spacing--scale-up-2);padding-top:var(--wp--preset--spacing--scale-up-3);padding-right:var(--wp--preset--spacing--scale-up-3);padding-bottom:var(--wp--preset--spacing--scale-up-3);padding-left:var(--wp--preset--spacing--scale-up-3)\">\n<figure class=\"wp-block-image size-thumbnail is-style-rounded\"><img loading=\"lazy\" decoding=\"async\" width=\"150\" height=\"150\" src=\"http:\/\/www.ci.ufpb.br\/lavid\/wp-content\/uploads\/sites\/139\/sites\/145\/2025\/08\/manuella-150x150.jpg\" alt=\"\" class=\"wp-image-1409\" style=\"aspect-ratio:1;object-fit:cover\" srcset=\"https:\/\/www.ci.ufpb.br\/lavid\/wp-content\/uploads\/sites\/139\/sites\/145\/2025\/08\/manuella-150x150.jpg 150w, https:\/\/www.ci.ufpb.br\/lavid\/wp-content\/uploads\/sites\/139\/sites\/145\/2025\/08\/manuella-300x300.jpg 300w, https:\/\/www.ci.ufpb.br\/lavid\/wp-content\/uploads\/sites\/139\/sites\/145\/2025\/08\/manuella.jpg 350w\" sizes=\"auto, (max-width: 150px) 100vw, 150px\" \/><\/figure>\n\n\n\n<p class=\"has-text-align-center has-surface-light-color has-text-color has-link-color wp-elements-2295605af0f22ed62e481b32819c2b38\"><strong>Manuella Aschoff Cavalcanti Brand\u00e3o Lima <\/strong><\/p>\n\n\n\n<p class=\"has-surface-light-color has-text-color has-link-color wp-elements-ef03b5dce91f9999435e7cba6576f483\">Instrutora<\/p>\n<\/div>\n\n\n\n<div class=\"wp-block-group is-style-default wp-container-content-e0b89f81 is-vertical is-content-justification-center is-layout-flex wp-container-core-group-is-layout-c3e96de5 wp-block-group-is-layout-flex\" style=\"border-style:none;border-width:0px;border-radius:10px;min-height:300px;margin-top:var(--wp--preset--spacing--scale-up-2);margin-bottom:var(--wp--preset--spacing--scale-up-2);padding-top:var(--wp--preset--spacing--scale-up-3);padding-right:var(--wp--preset--spacing--scale-up-3);padding-bottom:var(--wp--preset--spacing--scale-up-3);padding-left:var(--wp--preset--spacing--scale-up-3)\">\n<figure class=\"wp-block-image size-thumbnail is-style-rounded\"><img loading=\"lazy\" decoding=\"async\" width=\"150\" height=\"150\" src=\"http:\/\/www.ci.ufpb.br\/lavid\/wp-content\/uploads\/sites\/139\/sites\/145\/2025\/07\/Foto-LAVID-Vinicius-Germano-de-Barros-150x150.jpeg\" alt=\"\" class=\"wp-image-1194\" style=\"aspect-ratio:1;object-fit:cover\" srcset=\"https:\/\/www.ci.ufpb.br\/lavid\/wp-content\/uploads\/sites\/139\/sites\/145\/2025\/07\/Foto-LAVID-Vinicius-Germano-de-Barros-150x150.jpeg 150w, https:\/\/www.ci.ufpb.br\/lavid\/wp-content\/uploads\/sites\/139\/sites\/145\/2025\/07\/Foto-LAVID-Vinicius-Germano-de-Barros-300x300.jpeg 300w, https:\/\/www.ci.ufpb.br\/lavid\/wp-content\/uploads\/sites\/139\/sites\/145\/2025\/07\/Foto-LAVID-Vinicius-Germano-de-Barros-1024x1024.jpeg 1024w, https:\/\/www.ci.ufpb.br\/lavid\/wp-content\/uploads\/sites\/139\/sites\/145\/2025\/07\/Foto-LAVID-Vinicius-Germano-de-Barros-768x768.jpeg 768w, https:\/\/www.ci.ufpb.br\/lavid\/wp-content\/uploads\/sites\/139\/sites\/145\/2025\/07\/Foto-LAVID-Vinicius-Germano-de-Barros-1536x1536.jpeg 1536w, https:\/\/www.ci.ufpb.br\/lavid\/wp-content\/uploads\/sites\/139\/sites\/145\/2025\/07\/Foto-LAVID-Vinicius-Germano-de-Barros-1568x1568.jpeg 1568w, https:\/\/www.ci.ufpb.br\/lavid\/wp-content\/uploads\/sites\/139\/sites\/145\/2025\/07\/Foto-LAVID-Vinicius-Germano-de-Barros.jpeg 1600w\" sizes=\"auto, (max-width: 150px) 100vw, 150px\" \/><\/figure>\n\n\n\n<p class=\"has-text-align-center has-surface-light-color has-text-color has-link-color wp-elements-32d3169d1b79084524856035f0981af0\"><strong>Vin\u00edcius Germano de Barros<\/strong><\/p>\n\n\n\n<p class=\"has-surface-light-color has-text-color has-link-color wp-elements-d0604cf7d6dabc1bdd2be3af9f575763\">Instrutor<\/p>\n<\/div>\n<\/div>\n<\/div><\/div>\n\n\n\n<div class=\"wp-block-cover\" id=\"inscricao\"><span aria-hidden=\"true\" class=\"wp-block-cover__background has-surface-light-background-color has-background-dim-100 has-background-dim\"><\/span><div class=\"wp-block-cover__inner-container is-layout-constrained wp-container-core-cover-is-layout-90ba889e wp-block-cover-is-layout-constrained\">\n<a href=\"#inscricao\"><\/a>\n<iframe loading=\"lazy\" src=\"https:\/\/docs.google.com\/forms\/d\/e\/1FAIpQLSf8UF4w193HTYfQsjzxf1ic8uPz6EmvFNuqTOXqM1GIowwLuw\/viewform?embedded=true\" width=\"100%\" height=\"1280\" frameborder=\"0\" marginheight=\"0\" marginwidth=\"0\" style=\"z-index: 99999 !important; pointer-events: auto !important;\">Carregando\u2026<\/iframe>\n<\/div><\/div>\n\n\n\n<div id=\"parceiros\" class=\"wp-block-group\" style=\"margin-top:var(--wp--preset--spacing--scale-up-4);margin-bottom:var(--wp--preset--spacing--scale-up-4)\"><div class=\"wp-block-group__inner-container is-layout-constrained wp-block-group-is-layout-constrained\">\n<h2 class=\"wp-block-heading has-text-align-center\"><div class=\"linha-header\">Parceiros<\/div><\/h2>\n\n\n\n<div class=\"wp-block-group is-horizontal is-content-justification-space-between is-layout-flex wp-container-core-group-is-layout-ed49b07a wp-block-group-is-layout-flex\">\n<figure class=\"wp-block-image size-full wp-container-content-e29552f7\"><img loading=\"lazy\" decoding=\"async\" width=\"180\" height=\"48\" src=\"https:\/\/www.ci.ufpb.br\/lavid\/wp-content\/uploads\/sites\/139\/sites\/145\/2025\/06\/image.png\" alt=\"\" class=\"wp-image-628\"\/><\/figure>\n\n\n\n<figure class=\"wp-block-image size-full\"><img loading=\"lazy\" decoding=\"async\" width=\"167\" height=\"48\" src=\"https:\/\/www.ci.ufpb.br\/lavid\/wp-content\/uploads\/sites\/139\/sites\/145\/2025\/06\/image-1.png\" alt=\"\" class=\"wp-image-629\"\/><\/figure>\n\n\n\n<figure class=\"wp-block-image size-full\"><img loading=\"lazy\" decoding=\"async\" width=\"96\" height=\"44\" src=\"https:\/\/www.ci.ufpb.br\/lavid\/wp-content\/uploads\/sites\/139\/sites\/145\/2025\/06\/image-5.png\" alt=\"\" class=\"wp-image-635\"\/><\/figure>\n\n\n\n<figure class=\"wp-block-image size-full\"><img loading=\"lazy\" decoding=\"async\" width=\"159\" height=\"46\" src=\"http:\/\/www.ci.ufpb.br\/lavid\/wp-content\/uploads\/sites\/139\/sites\/145\/2025\/08\/camara_deputados.png\" alt=\"\" class=\"wp-image-1420\"\/><\/figure>\n\n\n\n<figure class=\"wp-block-image size-full\"><img loading=\"lazy\" decoding=\"async\" width=\"65\" height=\"40\" src=\"http:\/\/www.ci.ufpb.br\/lavid\/wp-content\/uploads\/sites\/139\/sites\/145\/2025\/06\/logo_lavid.png\" alt=\"\" class=\"wp-image-765\"\/><\/figure>\n\n\n\n<figure class=\"wp-block-image size-full\"><img loading=\"lazy\" decoding=\"async\" width=\"53\" height=\"81\" src=\"https:\/\/www.ci.ufpb.br\/lavid\/wp-content\/uploads\/sites\/139\/sites\/145\/2025\/06\/image-12.png\" alt=\"\" class=\"wp-image-642\"\/><\/figure>\n<\/div>\n<\/div><\/div>\n\n\n\n<div class=\"wp-block-cover alignfull has-surface-light-color has-text-color has-link-color wp-elements-0baab9dfa433209e38ee2df0855deaa1\" style=\"padding-right:2.5rem;padding-left:2.5rem;min-height:300px;aspect-ratio:unset;\"><img loading=\"lazy\" decoding=\"async\" width=\"1440\" height=\"570\" class=\"wp-block-cover__image-background wp-image-1333 size-full\" alt=\"\" src=\"http:\/\/www.ci.ufpb.br\/lavid\/wp-content\/uploads\/sites\/139\/sites\/145\/2025\/08\/bg-hero.jpg\" data-object-fit=\"cover\" srcset=\"https:\/\/www.ci.ufpb.br\/lavid\/wp-content\/uploads\/sites\/139\/sites\/145\/2025\/08\/bg-hero.jpg 1440w, https:\/\/www.ci.ufpb.br\/lavid\/wp-content\/uploads\/sites\/139\/sites\/145\/2025\/08\/bg-hero-300x119.jpg 300w, https:\/\/www.ci.ufpb.br\/lavid\/wp-content\/uploads\/sites\/139\/sites\/145\/2025\/08\/bg-hero-1024x405.jpg 1024w, https:\/\/www.ci.ufpb.br\/lavid\/wp-content\/uploads\/sites\/139\/sites\/145\/2025\/08\/bg-hero-768x304.jpg 768w\" sizes=\"auto, (max-width: 1440px) 100vw, 1440px\" \/><span aria-hidden=\"true\" class=\"wp-block-cover__background has-interaction-light-background-color has-background-dim-60 has-background-dim\"><\/span><div class=\"wp-block-cover__inner-container is-layout-constrained wp-container-core-cover-is-layout-3f48ff84 wp-block-cover-is-layout-constrained\">\n<h2 class=\"wp-block-heading has-text-align-center has-surface-light-color has-text-color has-link-color wp-elements-411a1721c5de0d530a199ff14d74dd9c\"><div class=\"linha-header\"><strong>Contato<\/strong><\/div><\/h2>\n\n\n\n<div class=\"wp-block-buttons is-content-justification-center is-nowrap is-layout-flex wp-container-core-buttons-is-layout-1fb9aab6 wp-block-buttons-is-layout-flex\">\n<div class=\"wp-block-button is-style-outline is-style-outline--3\"><a class=\"wp-block-button__link has-text-align-center wp-element-button\" href=\"mailto:wikilibras@lavid.ufpb.br\">Fale conosco<\/a><\/div>\n<\/div>\n\n\n\n<div class=\"wp-block-group is-content-justification-center is-nowrap is-layout-flex wp-container-core-group-is-layout-94bc23d7 wp-block-group-is-layout-flex\">\n<p class=\"has-text-align-center has-surface-light-color has-text-color has-link-color wp-elements-d31270e3bae4a5414d12240b83a8b9f1\"><a href=\"mailto:contato@lavid.ufpb.br\">wikilibras@lavid.ufpb.br<\/a><\/p>\n\n\n\n<p class=\"has-text-align-center has-surface-light-color has-text-color has-link-color wp-elements-9b27c1bad9f575ab5004b28ca3c97836\"><a href=\"tel:+558332167093\">+55 83 3216-7093<\/a><\/p>\n\n\n\n<p class=\"has-text-align-center has-surface-light-color has-text-color has-link-color wp-elements-bee33d2424fedf1438d774685c0a7a70\"><a href=\"https:\/\/instagram.com\/vlibrasoficial\" target=\"_blank\" rel=\"noreferrer noopener\">@vlibrasoficial<\/a><\/p>\n<\/div>\n<\/div><\/div>\n\n\n\n<p><\/p>\n","protected":false},"excerpt":{"rendered":"<p>Parceiros<\/p>\n","protected":false},"author":136,"featured_media":0,"parent":0,"menu_order":0,"comment_status":"closed","ping_status":"closed","template":"projeto","meta":{"_acf_changed":false,"footnotes":""},"class_list":["post-1485","page","type-page","status-publish","hentry"],"acf":[],"_links":{"self":[{"href":"https:\/\/www.ci.ufpb.br\/lavid\/wp-json\/wp\/v2\/pages\/1485","targetHints":{"allow":["GET"]}}],"collection":[{"href":"https:\/\/www.ci.ufpb.br\/lavid\/wp-json\/wp\/v2\/pages"}],"about":[{"href":"https:\/\/www.ci.ufpb.br\/lavid\/wp-json\/wp\/v2\/types\/page"}],"author":[{"embeddable":true,"href":"https:\/\/www.ci.ufpb.br\/lavid\/wp-json\/wp\/v2\/users\/136"}],"replies":[{"embeddable":true,"href":"https:\/\/www.ci.ufpb.br\/lavid\/wp-json\/wp\/v2\/comments?post=1485"}],"version-history":[{"count":20,"href":"https:\/\/www.ci.ufpb.br\/lavid\/wp-json\/wp\/v2\/pages\/1485\/revisions"}],"predecessor-version":[{"id":1531,"href":"https:\/\/www.ci.ufpb.br\/lavid\/wp-json\/wp\/v2\/pages\/1485\/revisions\/1531"}],"wp:attachment":[{"href":"https:\/\/www.ci.ufpb.br\/lavid\/wp-json\/wp\/v2\/media?parent=1485"}],"curies":[{"name":"wp","href":"https:\/\/api.w.org\/{rel}","templated":true}]}}