{"id":282,"date":"2025-12-02T12:40:42","date_gmt":"2025-12-02T15:40:42","guid":{"rendered":"https:\/\/www.ci.ufpb.br\/laser\/?page_id=282"},"modified":"2025-12-02T14:37:53","modified_gmt":"2025-12-02T17:37:53","slug":"membros","status":"publish","type":"page","link":"https:\/\/www.ci.ufpb.br\/laser\/membros\/","title":{"rendered":"Membros"},"content":{"rendered":"\n<h2 class=\"wp-block-heading\"><div class=\"linha-header\">COORDENA\u00c7\u00c3O<\/div><\/h2>\n\n\n\n<h3 class=\"wp-block-heading\"><strong>Tiago Nascimento<\/strong> (Coordenador)<\/h3>\n\n\n<div class=\"wp-block-image\">\n<figure class=\"alignleft size-large is-resized\"><img decoding=\"async\" src=\"http:\/\/servicosweb.cnpq.br\/wspessoa\/servletrecuperafoto?tipo=1&amp;id=K4129856E6\" alt=\"\" style=\"aspect-ratio:1;object-fit:cover;width:150px\"\/><\/figure>\n<\/div>\n\n\n<p>E-mail:&nbsp;<a href=\"mailto:tiagopn@ci.ufpb.br\" target=\"_blank\" rel=\"noreferrer noopener\">tiagopn@ci.ufpb.br<\/a>&nbsp;<\/p>\n\n\n\n<p>Professor Associado I<\/p>\n\n\n\n<p>Bolsista de Produtividade CNPq &#8211; 1D<\/p>\n\n\n\n<p>Lattes:&nbsp;<a href=\"http:\/\/lattes.cnpq.br\/1641673656667170\" target=\"_blank\" rel=\"noreferrer noopener\">http:\/\/lattes.cnpq.br\/1641673656667170<\/a>&nbsp;<\/p>\n\n\n\n<p><\/p>\n\n\n\n<h3 class=\"wp-block-heading\" id=\"h.yw650kz4xntk_l\">Alisson Brito (Vice-Coordenador)<\/h3>\n\n\n<div class=\"wp-block-image\">\n<figure class=\"alignleft size-large is-resized\"><img decoding=\"async\" src=\"https:\/\/servicosweb.cnpq.br\/wspessoa\/servletrecuperafoto?tipo=1&amp;id=K4771491H5\" alt=\"\" style=\"aspect-ratio:1;object-fit:cover;width:150px\"\/><\/figure>\n<\/div>\n\n\n<p>E-mail:&nbsp;<a href=\"mailto:alisson@ci.ufpb.br\" target=\"_blank\" rel=\"noreferrer noopener\">alisson@ci.ufpb.br<\/a>&nbsp;<\/p>\n\n\n\n<p>Professor Associado IV<\/p>\n\n\n\n<p>Bolsista de Produtividade CNPq&nbsp;&#8211;&nbsp;2<\/p>\n\n\n\n<p>Lattes:&nbsp;<a href=\"http:\/\/lattes.cnpq.br\/6321676636193625\" target=\"_blank\" rel=\"noreferrer noopener\">http:\/\/lattes.cnpq.br\/6321676636193625<\/a>&nbsp;<\/p>\n\n\n\n<h2 class=\"wp-block-heading\"><div class=\"linha-header\">PROFESSORES ASSOCIADOS<\/div><\/h2>\n\n\n\n<h3 class=\"wp-block-heading\"><strong>Rob\u00f3tica<\/strong><\/h3>\n\n\n\n<div class=\"wp-block-group\"><div class=\"wp-block-group__inner-container is-layout-constrained wp-block-group-is-layout-constrained\"><div class=\"wp-block-image is-style-rounded\">\n<figure class=\"alignleft size-thumbnail is-resized\"><img loading=\"lazy\" decoding=\"async\" width=\"150\" height=\"150\" src=\"https:\/\/www.ci.ufpb.br\/laser\/wp-content\/uploads\/sites\/139\/sites\/326\/2025\/08\/laser-robotica-membros-augusto-150x150.jpg\" alt=\"\" class=\"wp-image-163\" style=\"aspect-ratio:1;object-fit:cover;width:120px\" srcset=\"https:\/\/www.ci.ufpb.br\/laser\/wp-content\/uploads\/sites\/139\/sites\/326\/2025\/08\/laser-robotica-membros-augusto-150x150.jpg 150w, https:\/\/www.ci.ufpb.br\/laser\/wp-content\/uploads\/sites\/139\/sites\/326\/2025\/08\/laser-robotica-membros-augusto-300x300.jpg 300w, https:\/\/www.ci.ufpb.br\/laser\/wp-content\/uploads\/sites\/139\/sites\/326\/2025\/08\/laser-robotica-membros-augusto-768x768.jpg 768w, https:\/\/www.ci.ufpb.br\/laser\/wp-content\/uploads\/sites\/139\/sites\/326\/2025\/08\/laser-robotica-membros-augusto.jpg 900w\" sizes=\"auto, (max-width: 150px) 100vw, 150px\" \/><\/figure>\n<\/div>\n\n\n<h4 class=\"wp-block-heading\" id=\"h.953bz6l00727_l\">AUGUSTO TAVARES<\/h4>\n\n\n\n<p>CI &#8211; DEPARTAMENTO DE SISTEMAS DE COMPUTA\u00c7\u00c3O<\/p>\n\n\n\n<ul class=\"wp-block-social-links is-layout-flex wp-block-social-links-is-layout-flex\"><li class=\"wp-social-link wp-social-link-mail  wp-block-social-link\"><a href=\"mailto:a&#117;&#103;&#117;sto&#064;ci&#046;ufpb&#046;b&#114;\" class=\"wp-block-social-link-anchor\"><svg width=\"24\" height=\"24\" viewBox=\"0 0 24 24\" version=\"1.1\" xmlns=\"http:\/\/www.w3.org\/2000\/svg\" aria-hidden=\"true\" focusable=\"false\"><path d=\"M19,5H5c-1.1,0-2,.9-2,2v10c0,1.1.9,2,2,2h14c1.1,0,2-.9,2-2V7c0-1.1-.9-2-2-2zm.5,12c0,.3-.2.5-.5.5H5c-.3,0-.5-.2-.5-.5V9.8l7.5,5.6,7.5-5.6V17zm0-9.1L12,13.6,4.5,7.9V7c0-.3.2-.5.5-.5h14c.3,0,.5.2.5.5v.9z\"><\/path><\/svg><span class=\"wp-block-social-link-label screen-reader-text\">E-mail<\/span><\/a><\/li><\/ul>\n<\/div><\/div>\n\n\n\n<div style=\"height:20px\" aria-hidden=\"true\" class=\"wp-block-spacer\"><\/div>\n\n\n\n<div class=\"wp-block-group\"><div class=\"wp-block-group__inner-container is-layout-constrained wp-block-group-is-layout-constrained\"><div class=\"wp-block-image is-style-rounded\">\n<figure class=\"alignleft size-thumbnail is-resized\"><img loading=\"lazy\" decoding=\"async\" width=\"150\" height=\"150\" src=\"https:\/\/www.ci.ufpb.br\/laser\/wp-content\/uploads\/sites\/139\/sites\/326\/2025\/08\/laser-time-davisantos-150x150.jpg\" alt=\"\" class=\"wp-image-182\" style=\"aspect-ratio:1;object-fit:cover;width:120px\" srcset=\"https:\/\/www.ci.ufpb.br\/laser\/wp-content\/uploads\/sites\/139\/sites\/326\/2025\/08\/laser-time-davisantos-150x150.jpg 150w, https:\/\/www.ci.ufpb.br\/laser\/wp-content\/uploads\/sites\/139\/sites\/326\/2025\/08\/laser-time-davisantos.jpg 294w\" sizes=\"auto, (max-width: 150px) 100vw, 150px\" \/><\/figure>\n<\/div>\n\n\n<h4 class=\"wp-block-heading\" id=\"h.eusajzy3jc51_l\">DAVI SANTOS<\/h4>\n\n\n\n<p>CI &#8211; DEPARTAMENTO DE SISTEMAS DE COMPUTA\u00c7\u00c3O<\/p>\n\n\n\n<ul class=\"wp-block-social-links is-layout-flex wp-block-social-links-is-layout-flex\"><li class=\"wp-social-link wp-social-link-mail  wp-block-social-link\"><a href=\"mailto:&#100;av&#105;&#064;&#099;&#105;.&#117;f&#112;&#098;&#046;&#098;&#114;\" class=\"wp-block-social-link-anchor\"><svg width=\"24\" height=\"24\" viewBox=\"0 0 24 24\" version=\"1.1\" xmlns=\"http:\/\/www.w3.org\/2000\/svg\" aria-hidden=\"true\" focusable=\"false\"><path d=\"M19,5H5c-1.1,0-2,.9-2,2v10c0,1.1.9,2,2,2h14c1.1,0,2-.9,2-2V7c0-1.1-.9-2-2-2zm.5,12c0,.3-.2.5-.5.5H5c-.3,0-.5-.2-.5-.5V9.8l7.5,5.6,7.5-5.6V17zm0-9.1L12,13.6,4.5,7.9V7c0-.3.2-.5.5-.5h14c.3,0,.5.2.5.5v.9z\"><\/path><\/svg><span class=\"wp-block-social-link-label screen-reader-text\">E-mail<\/span><\/a><\/li><\/ul>\n<\/div><\/div>\n\n\n\n<div style=\"height:20px\" aria-hidden=\"true\" class=\"wp-block-spacer\"><\/div>\n\n\n\n<div class=\"wp-block-group\"><div class=\"wp-block-group__inner-container is-layout-constrained wp-block-group-is-layout-constrained\"><div class=\"wp-block-image is-style-rounded\">\n<figure class=\"alignleft size-thumbnail is-resized\"><img loading=\"lazy\" decoding=\"async\" width=\"150\" height=\"150\" src=\"http:\/\/www.ci.ufpb.br\/laser\/wp-content\/uploads\/sites\/139\/sites\/326\/2025\/08\/laser-robotica-membros-sarah-150x150.jpg\" alt=\"\" class=\"wp-image-167\" style=\"aspect-ratio:1;object-fit:cover;width:120px\" srcset=\"https:\/\/www.ci.ufpb.br\/laser\/wp-content\/uploads\/sites\/139\/sites\/326\/2025\/08\/laser-robotica-membros-sarah-150x150.jpg 150w, https:\/\/www.ci.ufpb.br\/laser\/wp-content\/uploads\/sites\/139\/sites\/326\/2025\/08\/laser-robotica-membros-sarah-300x300.jpg 300w, https:\/\/www.ci.ufpb.br\/laser\/wp-content\/uploads\/sites\/139\/sites\/326\/2025\/08\/laser-robotica-membros-sarah-1024x1024.jpg 1024w, https:\/\/www.ci.ufpb.br\/laser\/wp-content\/uploads\/sites\/139\/sites\/326\/2025\/08\/laser-robotica-membros-sarah-768x767.jpg 768w, https:\/\/www.ci.ufpb.br\/laser\/wp-content\/uploads\/sites\/139\/sites\/326\/2025\/08\/laser-robotica-membros-sarah.jpg 1280w\" sizes=\"auto, (max-width: 150px) 100vw, 150px\" \/><\/figure>\n<\/div>\n\n\n<h4 class=\"wp-block-heading\" id=\"h.eusajzy3jc51_l\">SARAH MADRUGA<\/h4>\n\n\n\n<p>CI &#8211; DEPARTAMENTO DE SISTEMAS DE COMPUTA\u00c7\u00c3O<\/p>\n\n\n\n<ul class=\"wp-block-social-links is-layout-flex wp-block-social-links-is-layout-flex\"><li class=\"wp-social-link wp-social-link-mail  wp-block-social-link\"><a href=\"mailto:madr&#117;&#103;&#097;.&#115;ar&#097;&#104;&#064;gm&#097;i&#108;&#046;co&#109;\" class=\"wp-block-social-link-anchor\"><svg width=\"24\" height=\"24\" viewBox=\"0 0 24 24\" version=\"1.1\" xmlns=\"http:\/\/www.w3.org\/2000\/svg\" aria-hidden=\"true\" focusable=\"false\"><path d=\"M19,5H5c-1.1,0-2,.9-2,2v10c0,1.1.9,2,2,2h14c1.1,0,2-.9,2-2V7c0-1.1-.9-2-2-2zm.5,12c0,.3-.2.5-.5.5H5c-.3,0-.5-.2-.5-.5V9.8l7.5,5.6,7.5-5.6V17zm0-9.1L12,13.6,4.5,7.9V7c0-.3.2-.5.5-.5h14c.3,0,.5.2.5.5v.9z\"><\/path><\/svg><span class=\"wp-block-social-link-label screen-reader-text\">E-mail<\/span><\/a><\/li><\/ul>\n<\/div><\/div>\n\n\n\n<div style=\"height:20px\" aria-hidden=\"true\" class=\"wp-block-spacer\"><\/div>\n\n\n\n<h3 class=\"wp-block-heading\"><strong>Sistemas Embarcados e IA<\/strong><\/h3>\n\n\n\n<div class=\"wp-block-group\"><div class=\"wp-block-group__inner-container is-layout-constrained wp-block-group-is-layout-constrained\"><div class=\"wp-block-image is-style-rounded\">\n<figure class=\"alignleft size-thumbnail is-resized\"><img loading=\"lazy\" decoding=\"async\" width=\"150\" height=\"150\" src=\"https:\/\/www.ci.ufpb.br\/laser\/wp-content\/uploads\/sites\/139\/sites\/326\/2025\/08\/laser-time-ewerton-150x150.jpg\" alt=\"\" class=\"wp-image-183\" style=\"aspect-ratio:1;object-fit:cover;width:120px\" srcset=\"https:\/\/www.ci.ufpb.br\/laser\/wp-content\/uploads\/sites\/139\/sites\/326\/2025\/08\/laser-time-ewerton-150x150.jpg 150w, https:\/\/www.ci.ufpb.br\/laser\/wp-content\/uploads\/sites\/139\/sites\/326\/2025\/08\/laser-time-ewerton.jpg 250w\" sizes=\"auto, (max-width: 150px) 100vw, 150px\" \/><\/figure>\n<\/div>\n\n\n<h4 class=\"wp-block-heading\" id=\"h.1ps68eueezg8_l\">EWERTON MONTEIRO SALVADOR<\/h4>\n\n\n\n<p>CI &#8211; DEPARTAMENTO DE SISTEMAS DE COMPUTA\u00c7\u00c3O<\/p>\n\n\n\n<ul class=\"wp-block-social-links is-layout-flex wp-block-social-links-is-layout-flex\"><li class=\"wp-social-link wp-social-link-mail  wp-block-social-link\"><a href=\"mailto:&#101;&#119;&#101;&#114;&#116;&#111;&#110;&#064;&#099;&#105;.&#117;&#102;p&#098;.&#098;r\" class=\"wp-block-social-link-anchor\"><svg width=\"24\" height=\"24\" viewBox=\"0 0 24 24\" version=\"1.1\" xmlns=\"http:\/\/www.w3.org\/2000\/svg\" aria-hidden=\"true\" focusable=\"false\"><path d=\"M19,5H5c-1.1,0-2,.9-2,2v10c0,1.1.9,2,2,2h14c1.1,0,2-.9,2-2V7c0-1.1-.9-2-2-2zm.5,12c0,.3-.2.5-.5.5H5c-.3,0-.5-.2-.5-.5V9.8l7.5,5.6,7.5-5.6V17zm0-9.1L12,13.6,4.5,7.9V7c0-.3.2-.5.5-.5h14c.3,0,.5.2.5.5v.9z\"><\/path><\/svg><span class=\"wp-block-social-link-label screen-reader-text\">E-mail<\/span><\/a><\/li><\/ul>\n<\/div><\/div>\n\n\n\n<div style=\"height:20px\" aria-hidden=\"true\" class=\"wp-block-spacer\"><\/div>\n\n\n\n<div class=\"wp-block-group\"><div class=\"wp-block-group__inner-container is-layout-constrained wp-block-group-is-layout-constrained\"><div class=\"wp-block-image is-style-rounded\">\n<figure class=\"alignleft size-thumbnail is-resized\"><img loading=\"lazy\" decoding=\"async\" width=\"150\" height=\"150\" src=\"https:\/\/www.ci.ufpb.br\/laser\/wp-content\/uploads\/sites\/139\/sites\/326\/2025\/08\/laser-time-veronica-150x150.jpg\" alt=\"\" class=\"wp-image-184\" style=\"aspect-ratio:1;object-fit:cover;width:120px\" srcset=\"https:\/\/www.ci.ufpb.br\/laser\/wp-content\/uploads\/sites\/139\/sites\/326\/2025\/08\/laser-time-veronica-150x150.jpg 150w, https:\/\/www.ci.ufpb.br\/laser\/wp-content\/uploads\/sites\/139\/sites\/326\/2025\/08\/laser-time-veronica-300x300.jpg 300w, https:\/\/www.ci.ufpb.br\/laser\/wp-content\/uploads\/sites\/139\/sites\/326\/2025\/08\/laser-time-veronica.jpg 500w\" sizes=\"auto, (max-width: 150px) 100vw, 150px\" \/><\/figure>\n<\/div>\n\n\n<h4 class=\"wp-block-heading\" id=\"h.eoc9eqdipq4t_l\">VERONICA LIMA<\/h4>\n\n\n\n<p>CI &#8211; DEPARTAMENTO DE SISTEMAS DE COMPUTA\u00c7\u00c3O<\/p>\n\n\n\n<ul class=\"wp-block-social-links is-layout-flex wp-block-social-links-is-layout-flex\"><li class=\"wp-social-link wp-social-link-mail  wp-block-social-link\"><a href=\"mailto:&#118;eroni&#099;&#097;&#046;&#108;&#105;&#109;&#097;&#064;ci.ufp&#098;&#046;br\" class=\"wp-block-social-link-anchor\"><svg width=\"24\" height=\"24\" viewBox=\"0 0 24 24\" version=\"1.1\" xmlns=\"http:\/\/www.w3.org\/2000\/svg\" aria-hidden=\"true\" focusable=\"false\"><path d=\"M19,5H5c-1.1,0-2,.9-2,2v10c0,1.1.9,2,2,2h14c1.1,0,2-.9,2-2V7c0-1.1-.9-2-2-2zm.5,12c0,.3-.2.5-.5.5H5c-.3,0-.5-.2-.5-.5V9.8l7.5,5.6,7.5-5.6V17zm0-9.1L12,13.6,4.5,7.9V7c0-.3.2-.5.5-.5h14c.3,0,.5.2.5.5v.9z\"><\/path><\/svg><span class=\"wp-block-social-link-label screen-reader-text\">E-mail<\/span><\/a><\/li><\/ul>\n<\/div><\/div>\n\n\n\n<div style=\"height:20px\" aria-hidden=\"true\" class=\"wp-block-spacer\"><\/div>\n\n\n\n<div class=\"wp-block-group\"><div class=\"wp-block-group__inner-container is-layout-constrained wp-block-group-is-layout-constrained\"><div class=\"wp-block-image is-style-rounded\">\n<figure class=\"alignleft size-thumbnail is-resized\"><img loading=\"lazy\" decoding=\"async\" width=\"150\" height=\"150\" src=\"https:\/\/www.ci.ufpb.br\/laser\/wp-content\/uploads\/sites\/139\/sites\/326\/2025\/08\/laser-time-romulo-150x150.jpg\" alt=\"\" class=\"wp-image-185\" style=\"width:120px\" srcset=\"https:\/\/www.ci.ufpb.br\/laser\/wp-content\/uploads\/sites\/139\/sites\/326\/2025\/08\/laser-time-romulo-150x150.jpg 150w, https:\/\/www.ci.ufpb.br\/laser\/wp-content\/uploads\/sites\/139\/sites\/326\/2025\/08\/laser-time-romulo.jpg 292w\" sizes=\"auto, (max-width: 150px) 100vw, 150px\" \/><\/figure>\n<\/div>\n\n\n<h4 class=\"wp-block-heading\" id=\"h.spf6zhlnvwba_l\">ROMULO CAMARA<\/h4>\n\n\n\n<p>CI &#8211; DEPARTAMENTO DE SISTEMAS DE COMPUTA\u00c7\u00c3O<\/p>\n\n\n\n<ul class=\"wp-block-social-links is-layout-flex wp-block-social-links-is-layout-flex\"><li class=\"wp-social-link wp-social-link-mail  wp-block-social-link\"><a href=\"mailto:r&#111;mu&#108;o.c&#097;&#109;&#097;ra&#064;&#099;&#105;.&#117;&#102;&#112;b.b&#114;\" class=\"wp-block-social-link-anchor\"><svg width=\"24\" height=\"24\" viewBox=\"0 0 24 24\" version=\"1.1\" xmlns=\"http:\/\/www.w3.org\/2000\/svg\" aria-hidden=\"true\" focusable=\"false\"><path d=\"M19,5H5c-1.1,0-2,.9-2,2v10c0,1.1.9,2,2,2h14c1.1,0,2-.9,2-2V7c0-1.1-.9-2-2-2zm.5,12c0,.3-.2.5-.5.5H5c-.3,0-.5-.2-.5-.5V9.8l7.5,5.6,7.5-5.6V17zm0-9.1L12,13.6,4.5,7.9V7c0-.3.2-.5.5-.5h14c.3,0,.5.2.5.5v.9z\"><\/path><\/svg><span class=\"wp-block-social-link-label screen-reader-text\">E-mail<\/span><\/a><\/li><\/ul>\n<\/div><\/div>\n\n\n\n<div style=\"height:20px\" aria-hidden=\"true\" class=\"wp-block-spacer\"><\/div>\n\n\n\n<h3 class=\"wp-block-heading\"><strong>Otimiza\u00e7\u00e3o e Log\u00edstica<\/strong><\/h3>\n\n\n\n<div class=\"wp-block-group\"><div class=\"wp-block-group__inner-container is-layout-constrained wp-block-group-is-layout-constrained\"><div class=\"wp-block-image is-style-rounded\">\n<figure class=\"alignleft size-full is-resized\"><img loading=\"lazy\" decoding=\"async\" width=\"250\" height=\"250\" src=\"https:\/\/www.ci.ufpb.br\/laser\/wp-content\/uploads\/sites\/139\/sites\/326\/2025\/08\/laser-time-anand.jpg\" alt=\"\" class=\"wp-image-186\" style=\"width:120px\" srcset=\"https:\/\/www.ci.ufpb.br\/laser\/wp-content\/uploads\/sites\/139\/sites\/326\/2025\/08\/laser-time-anand.jpg 250w, https:\/\/www.ci.ufpb.br\/laser\/wp-content\/uploads\/sites\/139\/sites\/326\/2025\/08\/laser-time-anand-150x150.jpg 150w\" sizes=\"auto, (max-width: 250px) 100vw, 250px\" \/><\/figure>\n<\/div>\n\n\n<h4 class=\"wp-block-heading\" id=\"h.3sa5ww4qz12a_l\">ANAND SUBRAMANIAN<\/h4>\n\n\n\n<p>CI &#8211; DEPARTAMENTO DE SISTEMAS DE COMPUTA\u00c7\u00c3O<\/p>\n\n\n\n<ul class=\"wp-block-social-links is-layout-flex wp-block-social-links-is-layout-flex\"><li class=\"wp-social-link wp-social-link-mail  wp-block-social-link\"><a href=\"mailto:&#097;&#110;a&#110;d&#064;ci&#046;uf&#112;b.&#098;&#114;\" class=\"wp-block-social-link-anchor\"><svg width=\"24\" height=\"24\" viewBox=\"0 0 24 24\" version=\"1.1\" xmlns=\"http:\/\/www.w3.org\/2000\/svg\" aria-hidden=\"true\" focusable=\"false\"><path d=\"M19,5H5c-1.1,0-2,.9-2,2v10c0,1.1.9,2,2,2h14c1.1,0,2-.9,2-2V7c0-1.1-.9-2-2-2zm.5,12c0,.3-.2.5-.5.5H5c-.3,0-.5-.2-.5-.5V9.8l7.5,5.6,7.5-5.6V17zm0-9.1L12,13.6,4.5,7.9V7c0-.3.2-.5.5-.5h14c.3,0,.5.2.5.5v.9z\"><\/path><\/svg><span class=\"wp-block-social-link-label screen-reader-text\">E-mail<\/span><\/a><\/li><\/ul>\n<\/div><\/div>\n\n\n\n<div style=\"height:20px\" aria-hidden=\"true\" class=\"wp-block-spacer\"><\/div>\n\n\n\n<div class=\"wp-block-group\"><div class=\"wp-block-group__inner-container is-layout-constrained wp-block-group-is-layout-constrained\"><div class=\"wp-block-image is-style-rounded\">\n<figure class=\"alignleft size-full is-resized\"><img loading=\"lazy\" decoding=\"async\" width=\"250\" height=\"250\" src=\"https:\/\/www.ci.ufpb.br\/laser\/wp-content\/uploads\/sites\/139\/sites\/326\/2025\/08\/laser-time-teobaldo.jpg\" alt=\"\" class=\"wp-image-187\" style=\"width:120px\" srcset=\"https:\/\/www.ci.ufpb.br\/laser\/wp-content\/uploads\/sites\/139\/sites\/326\/2025\/08\/laser-time-teobaldo.jpg 250w, https:\/\/www.ci.ufpb.br\/laser\/wp-content\/uploads\/sites\/139\/sites\/326\/2025\/08\/laser-time-teobaldo-150x150.jpg 150w\" sizes=\"auto, (max-width: 250px) 100vw, 250px\" \/><\/figure>\n<\/div>\n\n\n<h4 class=\"wp-block-heading\" id=\"h.bnvuqw4ximz9_l\">TEOBALDO LEITE<\/h4>\n\n\n\n<p>CI &#8211; DEPARTAMENTO DE COMPUTA\u00c7\u00c3O CIENT\u00cdFICA<\/p>\n\n\n\n<ul class=\"wp-block-social-links is-layout-flex wp-block-social-links-is-layout-flex\"><li class=\"wp-social-link wp-social-link-mail  wp-block-social-link\"><a href=\"mailto:te&#111;&#106;&#117;nior&#112;b&#064;&#103;&#109;&#097;&#105;&#108;&#046;c&#111;&#109;\" class=\"wp-block-social-link-anchor\"><svg width=\"24\" height=\"24\" viewBox=\"0 0 24 24\" version=\"1.1\" xmlns=\"http:\/\/www.w3.org\/2000\/svg\" aria-hidden=\"true\" focusable=\"false\"><path d=\"M19,5H5c-1.1,0-2,.9-2,2v10c0,1.1.9,2,2,2h14c1.1,0,2-.9,2-2V7c0-1.1-.9-2-2-2zm.5,12c0,.3-.2.5-.5.5H5c-.3,0-.5-.2-.5-.5V9.8l7.5,5.6,7.5-5.6V17zm0-9.1L12,13.6,4.5,7.9V7c0-.3.2-.5.5-.5h14c.3,0,.5.2.5.5v.9z\"><\/path><\/svg><span class=\"wp-block-social-link-label screen-reader-text\">E-mail<\/span><\/a><\/li><\/ul>\n<\/div><\/div>\n\n\n\n<div style=\"height:20px\" aria-hidden=\"true\" class=\"wp-block-spacer\"><\/div>\n\n\n\n<div class=\"wp-block-group\"><div class=\"wp-block-group__inner-container is-layout-constrained wp-block-group-is-layout-constrained\"><div class=\"wp-block-image is-style-rounded\">\n<figure class=\"alignleft size-full is-resized\"><img loading=\"lazy\" decoding=\"async\" width=\"250\" height=\"250\" src=\"https:\/\/www.ci.ufpb.br\/laser\/wp-content\/uploads\/sites\/139\/sites\/326\/2025\/08\/laser-time-brunobruck.jpg\" alt=\"\" class=\"wp-image-189\" style=\"width:120px\" srcset=\"https:\/\/www.ci.ufpb.br\/laser\/wp-content\/uploads\/sites\/139\/sites\/326\/2025\/08\/laser-time-brunobruck.jpg 250w, https:\/\/www.ci.ufpb.br\/laser\/wp-content\/uploads\/sites\/139\/sites\/326\/2025\/08\/laser-time-brunobruck-150x150.jpg 150w\" sizes=\"auto, (max-width: 250px) 100vw, 250px\" \/><\/figure>\n<\/div>\n\n\n<h4 class=\"wp-block-heading\" id=\"h.o48shvdw88pc_l\">BRUNO BRUCK<\/h4>\n\n\n\n<p>CI &#8211; DEPARTAMENTO DE COMPUTA\u00c7\u00c3O CIENT\u00cdFICA<\/p>\n\n\n\n<ul class=\"wp-block-social-links is-layout-flex wp-block-social-links-is-layout-flex\"><li class=\"wp-social-link wp-social-link-mail  wp-block-social-link\"><a href=\"mailto:b&#114;u&#110;&#111;.&#098;&#114;&#117;c&#107;&#064;c&#105;.&#117;fpb.&#098;r\" class=\"wp-block-social-link-anchor\"><svg width=\"24\" height=\"24\" viewBox=\"0 0 24 24\" version=\"1.1\" xmlns=\"http:\/\/www.w3.org\/2000\/svg\" aria-hidden=\"true\" focusable=\"false\"><path d=\"M19,5H5c-1.1,0-2,.9-2,2v10c0,1.1.9,2,2,2h14c1.1,0,2-.9,2-2V7c0-1.1-.9-2-2-2zm.5,12c0,.3-.2.5-.5.5H5c-.3,0-.5-.2-.5-.5V9.8l7.5,5.6,7.5-5.6V17zm0-9.1L12,13.6,4.5,7.9V7c0-.3.2-.5.5-.5h14c.3,0,.5.2.5.5v.9z\"><\/path><\/svg><span class=\"wp-block-social-link-label screen-reader-text\">E-mail<\/span><\/a><\/li><\/ul>\n<\/div><\/div>\n\n\n\n<div style=\"height:20px\" aria-hidden=\"true\" class=\"wp-block-spacer\"><\/div>\n\n\n\n<div class=\"wp-block-group\"><div class=\"wp-block-group__inner-container is-layout-constrained wp-block-group-is-layout-constrained\"><div class=\"wp-block-image is-style-rounded\">\n<figure class=\"alignleft size-full is-resized\"><img loading=\"lazy\" decoding=\"async\" width=\"764\" height=\"764\" src=\"https:\/\/www.ci.ufpb.br\/laser\/wp-content\/uploads\/sites\/139\/sites\/326\/2025\/08\/laser-time-brunojefferson.jpg\" alt=\"\" class=\"wp-image-190\" style=\"width:120px\" srcset=\"https:\/\/www.ci.ufpb.br\/laser\/wp-content\/uploads\/sites\/139\/sites\/326\/2025\/08\/laser-time-brunojefferson.jpg 764w, https:\/\/www.ci.ufpb.br\/laser\/wp-content\/uploads\/sites\/139\/sites\/326\/2025\/08\/laser-time-brunojefferson-300x300.jpg 300w, https:\/\/www.ci.ufpb.br\/laser\/wp-content\/uploads\/sites\/139\/sites\/326\/2025\/08\/laser-time-brunojefferson-150x150.jpg 150w\" sizes=\"auto, (max-width: 764px) 100vw, 764px\" \/><\/figure>\n<\/div>\n\n\n<h4 class=\"wp-block-heading\" id=\"h.apr7kckqe9sy_l\">BRUNO JEFFERSON<\/h4>\n\n\n\n<p>CI &#8211; DEPARTAMENTO DE COMPUTA\u00c7\u00c3O CIENT\u00cdFICA<\/p>\n\n\n\n<ul class=\"wp-block-social-links is-layout-flex wp-block-social-links-is-layout-flex\"><li class=\"wp-social-link wp-social-link-mail  wp-block-social-link\"><a href=\"mailto:bru&#110;&#111;&#064;ci&#046;uf&#112;b&#046;b&#114;\" class=\"wp-block-social-link-anchor\"><svg width=\"24\" height=\"24\" viewBox=\"0 0 24 24\" version=\"1.1\" xmlns=\"http:\/\/www.w3.org\/2000\/svg\" aria-hidden=\"true\" focusable=\"false\"><path d=\"M19,5H5c-1.1,0-2,.9-2,2v10c0,1.1.9,2,2,2h14c1.1,0,2-.9,2-2V7c0-1.1-.9-2-2-2zm.5,12c0,.3-.2.5-.5.5H5c-.3,0-.5-.2-.5-.5V9.8l7.5,5.6,7.5-5.6V17zm0-9.1L12,13.6,4.5,7.9V7c0-.3.2-.5.5-.5h14c.3,0,.5.2.5.5v.9z\"><\/path><\/svg><span class=\"wp-block-social-link-label screen-reader-text\">E-mail<\/span><\/a><\/li><\/ul>\n<\/div><\/div>\n\n\n\n<div style=\"height:20px\" aria-hidden=\"true\" class=\"wp-block-spacer\"><\/div>\n\n\n\n<div class=\"wp-block-group\"><div class=\"wp-block-group__inner-container is-layout-constrained wp-block-group-is-layout-constrained\"><div class=\"wp-block-image is-style-rounded\">\n<figure class=\"alignleft size-full is-resized\"><img loading=\"lazy\" decoding=\"async\" width=\"405\" height=\"405\" src=\"https:\/\/www.ci.ufpb.br\/laser\/wp-content\/uploads\/sites\/139\/sites\/326\/2025\/08\/laser-time-lucidio.jpg\" alt=\"\" class=\"wp-image-191\" style=\"width:120px\" srcset=\"https:\/\/www.ci.ufpb.br\/laser\/wp-content\/uploads\/sites\/139\/sites\/326\/2025\/08\/laser-time-lucidio.jpg 405w, https:\/\/www.ci.ufpb.br\/laser\/wp-content\/uploads\/sites\/139\/sites\/326\/2025\/08\/laser-time-lucidio-300x300.jpg 300w, https:\/\/www.ci.ufpb.br\/laser\/wp-content\/uploads\/sites\/139\/sites\/326\/2025\/08\/laser-time-lucidio-150x150.jpg 150w\" sizes=\"auto, (max-width: 405px) 100vw, 405px\" \/><\/figure>\n<\/div>\n\n\n<h4 class=\"wp-block-heading\" id=\"h.l23z94rklsbq_l\">LUC\u00cdDIO CABRAL<\/h4>\n\n\n\n<p>CI &#8211; DEPARTAMENTO DE COMPUTA\u00c7\u00c3O CIENT\u00cdFICA<\/p>\n\n\n\n<ul class=\"wp-block-social-links is-layout-flex wp-block-social-links-is-layout-flex\"><li class=\"wp-social-link wp-social-link-mail  wp-block-social-link\"><a href=\"mailto:lu&#099;&#105;&#100;io&#064;&#099;&#105;&#046;&#117;&#102;p&#098;.br\" class=\"wp-block-social-link-anchor\"><svg width=\"24\" height=\"24\" viewBox=\"0 0 24 24\" version=\"1.1\" xmlns=\"http:\/\/www.w3.org\/2000\/svg\" aria-hidden=\"true\" focusable=\"false\"><path d=\"M19,5H5c-1.1,0-2,.9-2,2v10c0,1.1.9,2,2,2h14c1.1,0,2-.9,2-2V7c0-1.1-.9-2-2-2zm.5,12c0,.3-.2.5-.5.5H5c-.3,0-.5-.2-.5-.5V9.8l7.5,5.6,7.5-5.6V17zm0-9.1L12,13.6,4.5,7.9V7c0-.3.2-.5.5-.5h14c.3,0,.5.2.5.5v.9z\"><\/path><\/svg><span class=\"wp-block-social-link-label screen-reader-text\">E-mail<\/span><\/a><\/li><\/ul>\n<\/div><\/div>\n\n\n\n<div style=\"height:20px\" aria-hidden=\"true\" class=\"wp-block-spacer\"><\/div>\n\n\n\n<div class=\"wp-block-group\"><div class=\"wp-block-group__inner-container is-layout-constrained wp-block-group-is-layout-constrained\"><div class=\"wp-block-image is-style-rounded\">\n<figure class=\"alignleft size-full is-resized\"><img loading=\"lazy\" decoding=\"async\" width=\"257\" height=\"257\" src=\"https:\/\/www.ci.ufpb.br\/laser\/wp-content\/uploads\/sites\/139\/sites\/326\/2025\/08\/laser-time-gilberto.jpg\" alt=\"\" class=\"wp-image-192\" style=\"width:120px\" srcset=\"https:\/\/www.ci.ufpb.br\/laser\/wp-content\/uploads\/sites\/139\/sites\/326\/2025\/08\/laser-time-gilberto.jpg 257w, https:\/\/www.ci.ufpb.br\/laser\/wp-content\/uploads\/sites\/139\/sites\/326\/2025\/08\/laser-time-gilberto-150x150.jpg 150w\" sizes=\"auto, (max-width: 257px) 100vw, 257px\" \/><\/figure>\n<\/div>\n\n\n<h4 class=\"wp-block-heading\" id=\"h.l1hcvuoqyhih_l\">GILBERTO FARIAS<\/h4>\n\n\n\n<p>CI &#8211; DEPARTAMENTO DE COMPUTA\u00c7\u00c3O CIENT\u00cdFICA<\/p>\n\n\n\n<ul class=\"wp-block-social-links is-layout-flex wp-block-social-links-is-layout-flex\"><li class=\"wp-social-link wp-social-link-mail  wp-block-social-link\"><a href=\"mailto:g&#105;l&#098;er&#116;&#111;&#064;&#099;&#105;.&#117;fp&#098;&#046;&#098;&#114;\" class=\"wp-block-social-link-anchor\"><svg width=\"24\" height=\"24\" viewBox=\"0 0 24 24\" version=\"1.1\" xmlns=\"http:\/\/www.w3.org\/2000\/svg\" aria-hidden=\"true\" focusable=\"false\"><path d=\"M19,5H5c-1.1,0-2,.9-2,2v10c0,1.1.9,2,2,2h14c1.1,0,2-.9,2-2V7c0-1.1-.9-2-2-2zm.5,12c0,.3-.2.5-.5.5H5c-.3,0-.5-.2-.5-.5V9.8l7.5,5.6,7.5-5.6V17zm0-9.1L12,13.6,4.5,7.9V7c0-.3.2-.5.5-.5h14c.3,0,.5.2.5.5v.9z\"><\/path><\/svg><span class=\"wp-block-social-link-label screen-reader-text\">E-mail<\/span><\/a><\/li><\/ul>\n<\/div><\/div>\n","protected":false},"excerpt":{"rendered":"<p>COORDENA\u00c7\u00c3O Tiago Nascimento (Coordenador) E-mail:&nbsp;tiagopn@ci.ufpb.br&nbsp; Professor Associado I Bolsista de Produtividade CNPq &#8211; 1D Lattes:&nbsp;http:\/\/lattes.cnpq.br\/1641673656667170&nbsp; [&hellip;]<\/p>\n","protected":false},"author":136,"featured_media":0,"parent":0,"menu_order":0,"comment_status":"closed","ping_status":"closed","template":"","meta":{"_acf_changed":false,"footnotes":""},"class_list":["post-282","page","type-page","status-publish","hentry"],"acf":[],"_links":{"self":[{"href":"https:\/\/www.ci.ufpb.br\/laser\/wp-json\/wp\/v2\/pages\/282","targetHints":{"allow":["GET"]}}],"collection":[{"href":"https:\/\/www.ci.ufpb.br\/laser\/wp-json\/wp\/v2\/pages"}],"about":[{"href":"https:\/\/www.ci.ufpb.br\/laser\/wp-json\/wp\/v2\/types\/page"}],"author":[{"embeddable":true,"href":"https:\/\/www.ci.ufpb.br\/laser\/wp-json\/wp\/v2\/users\/136"}],"replies":[{"embeddable":true,"href":"https:\/\/www.ci.ufpb.br\/laser\/wp-json\/wp\/v2\/comments?post=282"}],"version-history":[{"count":7,"href":"https:\/\/www.ci.ufpb.br\/laser\/wp-json\/wp\/v2\/pages\/282\/revisions"}],"predecessor-version":[{"id":293,"href":"https:\/\/www.ci.ufpb.br\/laser\/wp-json\/wp\/v2\/pages\/282\/revisions\/293"}],"wp:attachment":[{"href":"https:\/\/www.ci.ufpb.br\/laser\/wp-json\/wp\/v2\/media?parent=282"}],"curies":[{"name":"wp","href":"https:\/\/api.w.org\/{rel}","templated":true}]}}