{"id":18,"date":"2025-07-01T16:41:52","date_gmt":"2025-07-01T19:41:52","guid":{"rendered":"https:\/\/www.ci.ufpb.br\/laser\/?page_id=18"},"modified":"2025-07-07T18:41:01","modified_gmt":"2025-07-07T21:41:01","slug":"parceiros","status":"publish","type":"page","link":"https:\/\/www.ci.ufpb.br\/laser\/parceiros\/","title":{"rendered":"Parceiros"},"content":{"rendered":"\n<div class=\"wp-block-group is-content-justification-space-between is-layout-flex wp-container-core-group-is-layout-12c56710 wp-block-group-is-layout-flex\">\n<figure class=\"wp-block-image is-resized is-style-default\"><img decoding=\"async\" src=\"https:\/\/lh4.googleusercontent.com\/c3YTo5SJ3-udHkzMchYudaYxoykWohtBNR-6F7A4CwYSSVMmH6RVCx6Z02bciVAf4XMX5MdWcDElRudJsP7WcKzcMoVRDKPESr1rMammY5qeWCNvaNtJARfQDsFcyZ6JbX6su3ZxY7CMYv21tI0MSp_bm_7snEQQex-uXvSlKbX47XBpkc3ehQ=w1280\" alt=\"\" style=\"width:200px\"\/><\/figure>\n\n\n\n<figure class=\"wp-block-image is-resized\"><img decoding=\"async\" src=\"https:\/\/lh4.googleusercontent.com\/ogBipU41NmWa5KWtZK3hfZn8sg-Vafit5sH_2s7WHyB9h-kw9QMRFXXAXP1fKhm_cMHI7m9BKcUszSyPwwkyNgKH8td8r2QHGVCIPG1PdGXkZsWjN9zapmA8T-aKENN1ICM_j5nO0gKE0pTk1l0NEygk02U5h3_-mJRps5VvWH_ZbkIwYQwmxw=w1280\" alt=\"\" style=\"width:200px\"\/><\/figure>\n\n\n\n<figure class=\"wp-block-image is-resized\"><img decoding=\"async\" src=\"https:\/\/lh5.googleusercontent.com\/N-Jy5q4CFfd3oVJab4HP9ynHg7m3j9c_hCBZdKzjnfuGpgImyC_tYQzSp96PfSAPGTeIrra7C6vvN5ZyGQ84fLwyNOUimZqj9QJaHHqC-TPJ8xNamUYAh6a-TNrOIK1BCBOyPhVHJhNPkfy4ul_VsWcMUjxApb_UNooTXxLAinMOesxf0OY42g=w1280\" alt=\"\" style=\"width:200px\"\/><\/figure>\n\n\n\n<figure class=\"wp-block-image is-resized\"><img decoding=\"async\" src=\"https:\/\/lh3.googleusercontent.com\/IxwqHO5kO16CsQnx3N0zyweNrjQ96PJf-Jqt1gkhZcmPh21a_wGlitvAOtWcbyff1Vk9kRzHECeprbpRvrIwmG6aRV9l5v47uZK08VmNk25X52LWq7UMWDreWZVMHX5vbEJ7ymCgWm3lHA8RvNuK2-1tRsKMiuLpv3OsQcGxjwFJM4HU5Fti2g=w1280\" alt=\"\" style=\"width:200px\"\/><\/figure>\n\n\n\n<figure class=\"wp-block-image is-resized\"><img decoding=\"async\" src=\"https:\/\/lh5.googleusercontent.com\/RsE1QYMjuzn57ArG6_jSA0q1FbAUEnu262uL6oZZFfsNyMHHOIOS8qRqX1Lv-2gP9z_tg_nFqeE0j96_L7j_OsxsWagSewBRp6BxG1Ien1HlNXBWpyCVvSZLUY562n_KZ_gbGKZ2yBtD8tl5yjfOBiUI4y-SXWz7rwcAKFu1lA2zyHqsKhykxQ=w1280\" alt=\"\" style=\"width:200px\"\/><\/figure>\n\n\n\n<figure class=\"wp-block-image is-resized\"><img decoding=\"async\" src=\"https:\/\/lh5.googleusercontent.com\/4Rb4TzgF7PZjX86Y62hc8rYDgrceB-gerYbKzL01drwusbOtZyYkY1k3prjKbYOBAQrAH5omt5DnkDlGJSlBUEKt1Q3pWuR0NpHBjMshdCRxJmvn36PY3tVjjDHfrFJOBLQf1Gdn6cCggTKCWy6hWNibUOuKeIP-MsT5CG9Isxp9TirWBn671A=w1280\" alt=\"\" style=\"width:200px\"\/><\/figure>\n\n\n\n<figure class=\"wp-block-image is-resized\"><img decoding=\"async\" src=\"https:\/\/lh5.googleusercontent.com\/TIcueR9qeYv0BNMWRy621tJB06lDsz_P9IoYLD5hcpuKoTf3whjzLcTfwscq0JUhwDsZefW-5HCkTJFKY4cszMme9FMEfpgG7hLKVQFB-y15vOgwDW9nJ0wtTRx-Iy6fps07RzXc2J6LRk5kNj3b2YM29WQNdC624NOQZsTxh1dph2SX5486xg=w1280\" alt=\"\" style=\"width:200px\"\/><\/figure>\n\n\n\n<figure class=\"wp-block-image is-resized\"><img decoding=\"async\" src=\"https:\/\/lh4.googleusercontent.com\/mpicS2zRCqzpGa057xeDZsbuNaHRxeBY7hKuKLBvJZyN3OmvgCrjigEDN2Vo062CyeFwBMXhypfMV8ODOxbmrM-9NSVCQzldErFITm_AHZg1INXtBpLjns63m61K5q4NaKtgjnEUD3WSx3kQmy1yUe4JdhJ1WMXjSvcTh4SNHJP5BXhOU1jz_g=w1280\" alt=\"\" style=\"width:200px\"\/><\/figure>\n\n\n\n<figure class=\"wp-block-image is-resized\"><img decoding=\"async\" src=\"https:\/\/lh5.googleusercontent.com\/t39lU9u9x28nHLASJgNHqFYFIsoL9I9PpRMqhj5UVjzzSgky4QYi3qbu2bndq-wV6xV0B86A6spRfBdKgX351EcgCztYSH4eQY3ncDCEomlSwR0xYHrgw2nIJPDZ3yG_WdZiLL5AYGJcqyArJVoQ0GT4FN6peMw8boweA9Y2-KOjkXCwByacTg=w1280\" alt=\"\" style=\"width:200px\"\/><\/figure>\n\n\n\n<figure class=\"wp-block-image is-resized\"><img decoding=\"async\" src=\"https:\/\/lh6.googleusercontent.com\/OAXkygPfwx6cBhJXr9axzGCasiG4aLUgqpVmODK-tbovgec3Hk9D1TIDDTdYql1fTiB4uHABP86ySHVI6c2qDhkACnFq01eZ1dB-un22BIBKuQTm5MHWm8S9fVoHMSvjW3_Ta1TAFHebBIh3SwxG3eAErz6MddxaZJhnKqKmNOQasJBhnUhVJQ=w1280\" alt=\"\" style=\"width:200px\"\/><\/figure>\n<\/div>\n\n\n\n<div style=\"height:100px\" aria-hidden=\"true\" class=\"wp-block-spacer\"><\/div>\n\n\n\n<div class=\"wp-block-query is-layout-flow wp-block-query-is-layout-flow\"><ul class=\"wp-block-post-template is-layout-flow wp-block-post-template-is-layout-flow\"><li class=\"wp-block-post post-125 post type-post status-publish format-standard has-post-thumbnail hentry category-parceria\">\n\n<div class=\"wp-block-columns are-vertically-aligned-center is-layout-flex wp-container-core-columns-is-layout-9d6595d7 wp-block-columns-is-layout-flex\">\n<div class=\"wp-block-column is-vertically-aligned-center is-layout-flow wp-block-column-is-layout-flow\" style=\"flex-basis:25%\"><figure class=\"wp-block-post-featured-image\"><a href=\"https:\/\/www.ci.ufpb.br\/laser\/parceria\/parceria-entre-tns-e-ufpb-forma-estudantes-em-iot-e-gestao-de-dados\/\" target=\"_self\"  ><img loading=\"lazy\" decoding=\"async\" width=\"696\" height=\"392\" src=\"https:\/\/www.ci.ufpb.br\/laser\/wp-content\/uploads\/sites\/139\/sites\/326\/2025\/07\/parceria-tns-ufpb.jpg\" class=\"attachment-post-thumbnail size-post-thumbnail wp-post-image\" alt=\"TNS e UFPB formam estudantes em IoT e gest\u00e3o de dados\" style=\"object-fit:cover;\" srcset=\"https:\/\/www.ci.ufpb.br\/laser\/wp-content\/uploads\/sites\/139\/sites\/326\/2025\/07\/parceria-tns-ufpb.jpg 696w, https:\/\/www.ci.ufpb.br\/laser\/wp-content\/uploads\/sites\/139\/sites\/326\/2025\/07\/parceria-tns-ufpb-300x169.jpg 300w\" sizes=\"auto, (max-width: 696px) 100vw, 696px\" \/><\/a><\/figure><\/div>\n\n\n\n<div class=\"wp-block-column is-vertically-aligned-center is-layout-flow wp-block-column-is-layout-flow\" style=\"flex-basis:75%\"><h2 class=\"wp-block-post-title\"><a href=\"https:\/\/www.ci.ufpb.br\/laser\/parceria\/parceria-entre-tns-e-ufpb-forma-estudantes-em-iot-e-gestao-de-dados\/\" target=\"_self\" >TNS e UFPB formam estudantes em IoT e gest\u00e3o de dados<\/a><\/h2>\n\n<div class=\"wp-block-post-excerpt\"><p class=\"wp-block-post-excerpt__excerpt\">Pesquisa e inova\u00e7\u00e3o s\u00e3o a base da nova parceria entre a&nbsp;Universidade Federal da Para\u00edba (UFPB)&nbsp;e [&hellip;] <\/p><\/div><\/div>\n<\/div>\n\n<\/li><\/ul><\/div>\n\n\n\n<p><\/p>\n","protected":false},"excerpt":{"rendered":"","protected":false},"author":47,"featured_media":0,"parent":0,"menu_order":0,"comment_status":"closed","ping_status":"closed","template":"","meta":{"_acf_changed":false,"footnotes":""},"class_list":["post-18","page","type-page","status-publish","hentry"],"acf":[],"_links":{"self":[{"href":"https:\/\/www.ci.ufpb.br\/laser\/wp-json\/wp\/v2\/pages\/18","targetHints":{"allow":["GET"]}}],"collection":[{"href":"https:\/\/www.ci.ufpb.br\/laser\/wp-json\/wp\/v2\/pages"}],"about":[{"href":"https:\/\/www.ci.ufpb.br\/laser\/wp-json\/wp\/v2\/types\/page"}],"author":[{"embeddable":true,"href":"https:\/\/www.ci.ufpb.br\/laser\/wp-json\/wp\/v2\/users\/47"}],"replies":[{"embeddable":true,"href":"https:\/\/www.ci.ufpb.br\/laser\/wp-json\/wp\/v2\/comments?post=18"}],"version-history":[{"count":15,"href":"https:\/\/www.ci.ufpb.br\/laser\/wp-json\/wp\/v2\/pages\/18\/revisions"}],"predecessor-version":[{"id":132,"href":"https:\/\/www.ci.ufpb.br\/laser\/wp-json\/wp\/v2\/pages\/18\/revisions\/132"}],"wp:attachment":[{"href":"https:\/\/www.ci.ufpb.br\/laser\/wp-json\/wp\/v2\/media?parent=18"}],"curies":[{"name":"wp","href":"https:\/\/api.w.org\/{rel}","templated":true}]}}