{"id":10,"date":"2025-07-01T16:40:37","date_gmt":"2025-07-01T19:40:37","guid":{"rendered":"https:\/\/www.ci.ufpb.br\/laser\/?page_id=10"},"modified":"2025-07-07T19:03:12","modified_gmt":"2025-07-07T22:03:12","slug":"sobre","status":"publish","type":"page","link":"https:\/\/www.ci.ufpb.br\/laser\/sobre\/","title":{"rendered":"Sobre N\u00f3s"},"content":{"rendered":"\n<h2 class=\"wp-block-heading\"><div class=\"linha-header\">Laborat\u00f3rio de Engenharia de Sistemas e Rob\u00f3tica<\/div><\/h2>\n\n\n\n<figure class=\"wp-block-embed is-type-video is-provider-youtube wp-block-embed-youtube wp-embed-aspect-16-9 wp-has-aspect-ratio\"><div class=\"wp-block-embed__wrapper\">\n<iframe loading=\"lazy\" title=\"Laborat\u00f3rio de Engenharia de Sistemas e Rob\u00f3tica (LASER) - UFPB\" width=\"500\" height=\"281\" src=\"https:\/\/www.youtube.com\/embed\/pCCfS4JSqQ8?feature=oembed\" frameborder=\"0\" allow=\"accelerometer; autoplay; clipboard-write; encrypted-media; gyroscope; picture-in-picture; web-share\" referrerpolicy=\"strict-origin-when-cross-origin\" allowfullscreen><\/iframe>\n<\/div><\/figure>\n\n\n\n<p>O Laborat\u00f3rio de Engenharia de Sistemas e Rob\u00f3tica (LASER) foi criado em 2013 no Centro de Inform\u00e1tica da UFPB. Em 2018, expandiu sua \u00e1rea de atua\u00e7\u00e3o, acrescentando as \u00e1reas de Log\u00edstica, Transporte e Otimiza\u00e7\u00e3o.<\/p>\n\n\n\n<p>O LASER tem se tornado um ponto de presen\u00e7a de empresas de tecnologia que buscam pesquisa aplicada de ponta e a forma\u00e7\u00e3o de recursos humanos Sempre com projetos pr\u00e1ticos e com um olhar para a ind\u00fastria, servi\u00e7os, empreendedorismo e forma\u00e7\u00e3o de recursos humanos.<\/p>\n\n\n\n<p>Agendamento de utiliza\u00e7\u00e3o do Laborat\u00f3rio \u00e9 feito atrav\u00e9s do link:<br><a href=\"https:\/\/pnipe.mcti.gov.br\/laboratory\/19148\" target=\"_blank\" rel=\"noreferrer noopener\">https:\/\/pnipe.mcti.gov.br\/laboratory\/19148<\/a><br><br>As regras para o agendamento e utiliza\u00e7\u00e3o do Laborat\u00f3rio&nbsp;est\u00e1 no link:<\/p>\n\n\n\n<p>Infraestrutura:\u00a0O Laborat\u00f3rio\u00a0conta com um espa\u00e7o f\u00edsico de aproximadamente 1.000 m\u00b2, incluindo uma \u00e1rea de aproximadamente 400 m\u00b2 apenas para testes com drones e rob\u00f4s em ambientes fechados.<\/p>\n\n\n\n<p>Objetivos:&nbsp;Desenvolver pesquisas de ponta, sempre atreladas a problemas pr\u00e1ticos da sociedade e em constante rela\u00e7\u00e3o com o setor produtivo.<\/p>\n\n\n\n<p><strong>Servi\u00e7os prestados:<\/strong><\/p>\n\n\n\n<ul class=\"wp-block-list\">\n<li>Acelera\u00e7\u00e3o da inova\u00e7\u00e3o atrav\u00e9s de pontos de presen\u00e7a de empresas de TI no laborat\u00f3rio;<\/li>\n\n\n\n<li>Projetos de ve\u00edculos aut\u00f4nomos a\u00e9reos e terrestres, rob\u00f4s e sistemas embarcados;<\/li>\n\n\n\n<li>Solu\u00e7\u00f5es em Intelig\u00eancia Artificial e sistemas inteligentes;<\/li>\n\n\n\n<li>Desenvolvimento de sistemas e algoritmos para problemas em log\u00edstica e transporte;<\/li>\n\n\n\n<li>Sistemas envolvendo Internet das Coisas e Computa\u00e7\u00e3o em Nuvem de alto desempenho.<\/li>\n<\/ul>\n\n\n\n<p><strong>Coordena\u00e7\u00e3o:<\/strong>&nbsp;Tiago P. Nascimento<br><strong>Vice-coordena\u00e7\u00e3o:<\/strong>&nbsp;Alisson V. Brito<\/p>\n\n\n\n<p><strong>Comit\u00ea Gestor:<\/strong><\/p>\n\n\n\n<ul class=\"wp-block-list\">\n<li>Tiago P. Nascimento<\/li>\n\n\n\n<li>Alisson V. Brito<\/li>\n\n\n\n<li>Anand Subramanian<\/li>\n\n\n\n<li>Augusto H. B. M. Tavares<\/li>\n\n\n\n<li>Ewerton M. Salvador<\/li>\n\n\n\n<li>Bruno Bruck<\/li>\n\n\n\n<li>Lucidio F. A. Cabral<\/li>\n<\/ul>\n","protected":false},"excerpt":{"rendered":"<p>Laborat\u00f3rio de Engenharia de Sistemas e Rob\u00f3tica O Laborat\u00f3rio de Engenharia de Sistemas e Rob\u00f3tica [&hellip;]<\/p>\n","protected":false},"author":47,"featured_media":0,"parent":0,"menu_order":0,"comment_status":"closed","ping_status":"closed","template":"","meta":{"_acf_changed":false,"footnotes":""},"class_list":["post-10","page","type-page","status-publish","hentry"],"acf":[],"_links":{"self":[{"href":"https:\/\/www.ci.ufpb.br\/laser\/wp-json\/wp\/v2\/pages\/10","targetHints":{"allow":["GET"]}}],"collection":[{"href":"https:\/\/www.ci.ufpb.br\/laser\/wp-json\/wp\/v2\/pages"}],"about":[{"href":"https:\/\/www.ci.ufpb.br\/laser\/wp-json\/wp\/v2\/types\/page"}],"author":[{"embeddable":true,"href":"https:\/\/www.ci.ufpb.br\/laser\/wp-json\/wp\/v2\/users\/47"}],"replies":[{"embeddable":true,"href":"https:\/\/www.ci.ufpb.br\/laser\/wp-json\/wp\/v2\/comments?post=10"}],"version-history":[{"count":16,"href":"https:\/\/www.ci.ufpb.br\/laser\/wp-json\/wp\/v2\/pages\/10\/revisions"}],"predecessor-version":[{"id":150,"href":"https:\/\/www.ci.ufpb.br\/laser\/wp-json\/wp\/v2\/pages\/10\/revisions\/150"}],"wp:attachment":[{"href":"https:\/\/www.ci.ufpb.br\/laser\/wp-json\/wp\/v2\/media?parent=10"}],"curies":[{"name":"wp","href":"https:\/\/api.w.org\/{rel}","templated":true}]}}